{"id":69,"date":"2022-09-15T14:35:23","date_gmt":"2022-09-15T12:35:23","guid":{"rendered":"http:\/\/eflcarlsbourg.be\/?page_id=69"},"modified":"2022-09-19T13:10:04","modified_gmt":"2022-09-19T11:10:04","slug":"plan-de-pilotage","status":"publish","type":"page","link":"https:\/\/eflcarlsbourg.be\/index.php\/plan-de-pilotage\/","title":{"rendered":"Plan de pilotage"},"content":{"rendered":"<h2>Qu&rsquo;est-ce que le plan de pilotage?<\/h2>\n<table style=\"width: 100%; border-collapse: collapse; border-color: #ed1515; background-color: #b0e5eb; border-style: groove;\">\n<tbody>\n<tr>\n<td style=\"width: 100%;\">Le plan de pilotage\u00a0<b>d\u00e9cline les objectifs sp\u00e9cifiques que l&rsquo;\u00e9cole se propose de mettre en \u0153uvre pour atteindre les objectifs d&rsquo;am\u00e9lioration du syst\u00e8me \u00e9ducatif<\/b>.<\/p>\n<p>Chaque \u00e9cole d\u00e9termine, en fonction du diagnostic qu&rsquo;elle a pos\u00e9, sur quels objectifs sp\u00e9cifiques elle devra se concentrer prioritairement.<\/td>\n<\/tr>\n<\/tbody>\n<\/table>\n<p>En ce qui concerne notre \u00e9cole, nous d\u00e9butons la mise en \u0153uvre de notre plan de pilotage lors de la rentr\u00e9e 2022-2023.<\/p>\n<p>&nbsp;<\/p>\n<p><img loading=\"lazy\" class=\"wp-image-169 alignleft\" src=\"http:\/\/eflcarlsbourg.be\/wp-content\/uploads\/2022\/09\/PPL-1-300x172.jpg\" alt=\"\" width=\"480\" height=\"275\" srcset=\"https:\/\/eflcarlsbourg.be\/wp-content\/uploads\/2022\/09\/PPL-1-300x172.jpg 300w, https:\/\/eflcarlsbourg.be\/wp-content\/uploads\/2022\/09\/PPL-1-1024x588.jpg 1024w, https:\/\/eflcarlsbourg.be\/wp-content\/uploads\/2022\/09\/PPL-1-768x441.jpg 768w, https:\/\/eflcarlsbourg.be\/wp-content\/uploads\/2022\/09\/PPL-1.jpg 1050w\" sizes=\"(max-width: 480px) 100vw, 480px\" \/><\/p>\n<p>&nbsp;<\/p>\n<p>&nbsp;<\/p>\n<p>&nbsp;<\/p>\n<p>Nos 3 objectifs d&rsquo;am\u00e9lioration<\/p>\n<p>&nbsp;<\/p>\n<p>&nbsp;<\/p>\n<p>&nbsp;<\/p>\n<h2 style=\"font-family: Lato, sans-serif; color: #4a474b;\"><\/h2>\n<h2 style=\"font-family: Lato, sans-serif; color: #4a474b;\"><img loading=\"lazy\" class=\" wp-image-257 aligncenter\" src=\"http:\/\/eflcarlsbourg.be\/wp-content\/uploads\/2022\/09\/PPL-2-1-300x226.jpg\" alt=\"\" width=\"500\" height=\"377\" srcset=\"https:\/\/eflcarlsbourg.be\/wp-content\/uploads\/2022\/09\/PPL-2-1-300x226.jpg 300w, https:\/\/eflcarlsbourg.be\/wp-content\/uploads\/2022\/09\/PPL-2-1-768x578.jpg 768w, https:\/\/eflcarlsbourg.be\/wp-content\/uploads\/2022\/09\/PPL-2-1.jpg 914w\" sizes=\"(max-width: 500px) 100vw, 500px\" \/><\/h2>\n<p>&nbsp;<\/p>\n<p>&nbsp;<\/p>\n<p>&nbsp;<\/p>\n<h2 style=\"font-family: Lato, sans-serif; color: #4a474b;\"><img loading=\"lazy\" class=\" wp-image-171 aligncenter\" src=\"http:\/\/eflcarlsbourg.be\/wp-content\/uploads\/2022\/09\/PPL-3-300x226.jpg\" alt=\"\" width=\"481\" height=\"362\" srcset=\"https:\/\/eflcarlsbourg.be\/wp-content\/uploads\/2022\/09\/PPL-3-300x226.jpg 300w, https:\/\/eflcarlsbourg.be\/wp-content\/uploads\/2022\/09\/PPL-3-768x578.jpg 768w, https:\/\/eflcarlsbourg.be\/wp-content\/uploads\/2022\/09\/PPL-3.jpg 884w\" sizes=\"(max-width: 481px) 100vw, 481px\" \/><\/h2>\n<p>&nbsp;<\/p>\n<p>&nbsp;<\/p>\n<h2 style=\"font-family: Lato, sans-serif; color: #4a474b;\"><img loading=\"lazy\" class=\" wp-image-172 aligncenter\" src=\"http:\/\/eflcarlsbourg.be\/wp-content\/uploads\/2022\/09\/PPL-4-300x226.jpg\" alt=\"\" width=\"544\" height=\"410\" srcset=\"https:\/\/eflcarlsbourg.be\/wp-content\/uploads\/2022\/09\/PPL-4-300x226.jpg 300w, https:\/\/eflcarlsbourg.be\/wp-content\/uploads\/2022\/09\/PPL-4-768x579.jpg 768w, https:\/\/eflcarlsbourg.be\/wp-content\/uploads\/2022\/09\/PPL-4.jpg 869w\" sizes=\"(max-width: 544px) 100vw, 544px\" \/><\/h2>\n<p>&nbsp;<\/p>\n<p>&nbsp;<\/p>\n<p>&nbsp;<\/p>\n<p>&nbsp;<\/p>\n<p>&nbsp;<\/p>\n<p>&nbsp;<\/p>\n<p>&nbsp;<\/p>\n<p>&nbsp;<\/p>\n<p>&nbsp;<\/p>\n<p>&nbsp;<\/p>\n","protected":false},"excerpt":{"rendered":"<p>Qu&rsquo;est-ce que le plan de pilotage? Le plan de pilotage\u00a0d\u00e9cline les objectifs sp\u00e9cifiques que l&rsquo;\u00e9cole se propose de mettre en \u0153uvre pour atteindre les objectifs d&rsquo;am\u00e9lioration du syst\u00e8me \u00e9ducatif. Chaque \u00e9cole d\u00e9termine, en fonction du diagnostic qu&rsquo;elle a pos\u00e9, sur quels objectifs sp\u00e9cifiques elle devra se concentrer prioritairement. En ce qui concerne notre \u00e9cole, nous &hellip; <\/p>\n<p><a class=\"more-link btn\" href=\"https:\/\/eflcarlsbourg.be\/index.php\/plan-de-pilotage\/\">Lire la suite<\/a><\/p>\n","protected":false},"author":3,"featured_media":0,"parent":0,"menu_order":0,"comment_status":"closed","ping_status":"closed","template":"","meta":[],"_links":{"self":[{"href":"https:\/\/eflcarlsbourg.be\/index.php\/wp-json\/wp\/v2\/pages\/69"}],"collection":[{"href":"https:\/\/eflcarlsbourg.be\/index.php\/wp-json\/wp\/v2\/pages"}],"about":[{"href":"https:\/\/eflcarlsbourg.be\/index.php\/wp-json\/wp\/v2\/types\/page"}],"author":[{"embeddable":true,"href":"https:\/\/eflcarlsbourg.be\/index.php\/wp-json\/wp\/v2\/users\/3"}],"replies":[{"embeddable":true,"href":"https:\/\/eflcarlsbourg.be\/index.php\/wp-json\/wp\/v2\/comments?post=69"}],"version-history":[{"count":16,"href":"https:\/\/eflcarlsbourg.be\/index.php\/wp-json\/wp\/v2\/pages\/69\/revisions"}],"predecessor-version":[{"id":258,"href":"https:\/\/eflcarlsbourg.be\/index.php\/wp-json\/wp\/v2\/pages\/69\/revisions\/258"}],"wp:attachment":[{"href":"https:\/\/eflcarlsbourg.be\/index.php\/wp-json\/wp\/v2\/media?parent=69"}],"curies":[{"name":"wp","href":"https:\/\/api.w.org\/{rel}","templated":true}]}}