{"id":62,"date":"2022-09-15T14:34:15","date_gmt":"2022-09-15T12:34:15","guid":{"rendered":"http:\/\/eflcarlsbourg.be\/?page_id=62"},"modified":"2022-09-29T11:08:09","modified_gmt":"2022-09-29T09:08:09","slug":"alimentation-saine-et-durable","status":"publish","type":"page","link":"https:\/\/eflcarlsbourg.be\/index.php\/alimentation-saine-et-durable\/","title":{"rendered":"Alimentation saine et durable"},"content":{"rendered":"<p>Notre \u00e9cole est attentive \u00e0 l&rsquo;alimentation saine et durable et ce, \u00e0 diff\u00e9rents niveaux.<br \/>\nIl y a quelques ann\u00e9es, nous avons gagn\u00e9 des appels \u00e0 projets de la FWB.<br \/>\nGr\u00e2ce aux subventions re\u00e7ues, nous avons pu nous \u00e9quiper en mat\u00e9riel de cuisine divers et en mat\u00e9riel de jardinage.<\/p>\n<p><img loading=\"lazy\" class=\"aligncenter wp-image-272 size-medium\" src=\"http:\/\/eflcarlsbourg.be\/wp-content\/uploads\/2022\/09\/cuisine-210x300.jpg\" alt=\"\" width=\"210\" height=\"300\" srcset=\"https:\/\/eflcarlsbourg.be\/wp-content\/uploads\/2022\/09\/cuisine-210x300.jpg 210w, https:\/\/eflcarlsbourg.be\/wp-content\/uploads\/2022\/09\/cuisine-716x1024.jpg 716w, https:\/\/eflcarlsbourg.be\/wp-content\/uploads\/2022\/09\/cuisine.jpg 721w\" sizes=\"(max-width: 210px) 100vw, 210px\" \/><\/p>\n<p>&nbsp;<\/p>\n\n\t\t<style type=\"text\/css\">\n\t\t\t#gallery-1 {\n\t\t\t\tmargin: auto;\n\t\t\t}\n\t\t\t#gallery-1 .gallery-item {\n\t\t\t\tfloat: left;\n\t\t\t\tmargin-top: 10px;\n\t\t\t\ttext-align: center;\n\t\t\t\twidth: 33%;\n\t\t\t}\n\t\t\t#gallery-1 img {\n\t\t\t\tborder: 2px solid #cfcfcf;\n\t\t\t}\n\t\t\t#gallery-1 .gallery-caption {\n\t\t\t\tmargin-left: 0;\n\t\t\t}\n\t\t\t\/* see gallery_shortcode() in wp-includes\/media.php *\/\n\t\t<\/style>\n\t\t<div id='gallery-1' class='gallery galleryid-62 gallery-columns-3 gallery-size-thumbnail'><dl class='gallery-item'>\n\t\t\t<dt class='gallery-icon portrait'>\n\t\t\t\t<a href='https:\/\/eflcarlsbourg.be\/index.php\/alimentation-saine-et-durable\/64559639_2318879081719269_5419757546502094848_n\/'><img width=\"150\" height=\"150\" src=\"https:\/\/eflcarlsbourg.be\/wp-content\/uploads\/2022\/09\/64559639_2318879081719269_5419757546502094848_n-150x150.jpg\" class=\"attachment-thumbnail size-thumbnail\" alt=\"\" loading=\"lazy\" \/><\/a>\n\t\t\t<\/dt><\/dl><dl class='gallery-item'>\n\t\t\t<dt class='gallery-icon portrait'>\n\t\t\t\t<a href='https:\/\/eflcarlsbourg.be\/index.php\/alimentation-saine-et-durable\/43690792_2167490543518407_5399166386658344960_n\/'><img width=\"150\" height=\"150\" src=\"https:\/\/eflcarlsbourg.be\/wp-content\/uploads\/2022\/09\/43690792_2167490543518407_5399166386658344960_n-150x150.jpg\" class=\"attachment-thumbnail size-thumbnail\" alt=\"\" loading=\"lazy\" \/><\/a>\n\t\t\t<\/dt><\/dl><dl class='gallery-item'>\n\t\t\t<dt class='gallery-icon portrait'>\n\t\t\t\t<a href='https:\/\/eflcarlsbourg.be\/index.php\/alimentation-saine-et-durable\/43701004_256423198358807_1384350040620793856_n\/'><img width=\"150\" height=\"150\" src=\"https:\/\/eflcarlsbourg.be\/wp-content\/uploads\/2022\/09\/43701004_256423198358807_1384350040620793856_n-150x150.jpg\" class=\"attachment-thumbnail size-thumbnail\" alt=\"\" loading=\"lazy\" \/><\/a>\n\t\t\t<\/dt><\/dl><br style=\"clear: both\" \/>\n\t\t<\/div>\n\n","protected":false},"excerpt":{"rendered":"<p>Notre \u00e9cole est attentive \u00e0 l&rsquo;alimentation saine et durable et ce, \u00e0 diff\u00e9rents niveaux. Il y a quelques ann\u00e9es, nous avons gagn\u00e9 des appels \u00e0 projets de la FWB. Gr\u00e2ce aux subventions re\u00e7ues, nous avons pu nous \u00e9quiper en mat\u00e9riel de cuisine divers et en mat\u00e9riel de jardinage. &nbsp;<\/p>\n","protected":false},"author":3,"featured_media":0,"parent":0,"menu_order":0,"comment_status":"closed","ping_status":"closed","template":"","meta":[],"_links":{"self":[{"href":"https:\/\/eflcarlsbourg.be\/index.php\/wp-json\/wp\/v2\/pages\/62"}],"collection":[{"href":"https:\/\/eflcarlsbourg.be\/index.php\/wp-json\/wp\/v2\/pages"}],"about":[{"href":"https:\/\/eflcarlsbourg.be\/index.php\/wp-json\/wp\/v2\/types\/page"}],"author":[{"embeddable":true,"href":"https:\/\/eflcarlsbourg.be\/index.php\/wp-json\/wp\/v2\/users\/3"}],"replies":[{"embeddable":true,"href":"https:\/\/eflcarlsbourg.be\/index.php\/wp-json\/wp\/v2\/comments?post=62"}],"version-history":[{"count":5,"href":"https:\/\/eflcarlsbourg.be\/index.php\/wp-json\/wp\/v2\/pages\/62\/revisions"}],"predecessor-version":[{"id":281,"href":"https:\/\/eflcarlsbourg.be\/index.php\/wp-json\/wp\/v2\/pages\/62\/revisions\/281"}],"wp:attachment":[{"href":"https:\/\/eflcarlsbourg.be\/index.php\/wp-json\/wp\/v2\/media?parent=62"}],"curies":[{"name":"wp","href":"https:\/\/api.w.org\/{rel}","templated":true}]}}