{"id":6,"date":"2021-09-22T01:55:01","date_gmt":"2021-09-21T23:55:01","guid":{"rendered":"http:\/\/eflcarlsbourg.be\/?page_id=6"},"modified":"2026-03-23T14:23:59","modified_gmt":"2026-03-23T13:23:59","slug":"bienvenue","status":"publish","type":"page","link":"https:\/\/eflcarlsbourg.be\/","title":{"rendered":"Bienvenue"},"content":{"rendered":"<p><\/p>\r\n<table style=\"width: 98.2697%; border-collapse: collapse; border-color: #2d8c48; background-color: #d4ed55; height: 120px;\">\r\n<tbody>\r\n<tr>\r\n<td style=\"width: 100%;\">\r\n<p><span style=\"font-size: 24pt;\"><strong>Accueillir tous les enfants, tout <\/strong><strong>l\u2019enfant. <br \/>Aider chacun d\u2019eux \u00e0 <\/strong><strong>d\u00e9velopper sa personnalit\u00e9, et \u00e0 se <\/strong><strong style=\"font-family: inherit; background-color: transparent;\">construire au milieu des autres.<\/strong><\/span><\/p>\r\n<\/td>\r\n<\/tr>\r\n<\/tbody>\r\n<\/table>\r\n<p>\u00a0 <img loading=\"lazy\" class=\"alignnone  wp-image-33\" src=\"http:\/\/eflcarlsbourg.be\/wp-content\/uploads\/2022\/09\/papillon-276x300.png\" alt=\"\" width=\"342\" height=\"372\" srcset=\"https:\/\/eflcarlsbourg.be\/wp-content\/uploads\/2022\/09\/papillon-276x300.png 276w, https:\/\/eflcarlsbourg.be\/wp-content\/uploads\/2022\/09\/papillon.png 480w\" sizes=\"(max-width: 342px) 100vw, 342px\" \/>\u00a0 \u00a0 \u00a0 \u00a0 \u00a0 \u00a0 \u00a0<img loading=\"lazy\" class=\"alignnone  wp-image-450\" src=\"http:\/\/eflcarlsbourg.be\/wp-content\/uploads\/2026\/03\/inscriptions-2026-2027-212x300.jpg\" alt=\"\" width=\"361\" height=\"511\" srcset=\"https:\/\/eflcarlsbourg.be\/wp-content\/uploads\/2026\/03\/inscriptions-2026-2027-212x300.jpg 212w, https:\/\/eflcarlsbourg.be\/wp-content\/uploads\/2026\/03\/inscriptions-2026-2027-724x1024.jpg 724w, https:\/\/eflcarlsbourg.be\/wp-content\/uploads\/2026\/03\/inscriptions-2026-2027-768x1086.jpg 768w, https:\/\/eflcarlsbourg.be\/wp-content\/uploads\/2026\/03\/inscriptions-2026-2027-1086x1536.jpg 1086w, https:\/\/eflcarlsbourg.be\/wp-content\/uploads\/2026\/03\/inscriptions-2026-2027-1057x1495.jpg 1057w, https:\/\/eflcarlsbourg.be\/wp-content\/uploads\/2026\/03\/inscriptions-2026-2027.jpg 1414w\" sizes=\"(max-width: 361px) 100vw, 361px\" \/>\u00a0 \u00a0<\/p>\r\n<p>&nbsp;<\/p>\r\n<p>&nbsp;<\/p>","protected":false},"excerpt":{"rendered":"<p>Accueillir tous les enfants, tout l\u2019enfant. Aider chacun d\u2019eux \u00e0 d\u00e9velopper sa personnalit\u00e9, et \u00e0 se construire au milieu des autres. \u00a0 \u00a0 \u00a0 \u00a0 \u00a0 \u00a0 \u00a0 \u00a0\u00a0 \u00a0 &nbsp; &nbsp;<\/p>\n","protected":false},"author":1,"featured_media":0,"parent":0,"menu_order":0,"comment_status":"closed","ping_status":"closed","template":"","meta":[],"_links":{"self":[{"href":"https:\/\/eflcarlsbourg.be\/index.php\/wp-json\/wp\/v2\/pages\/6"}],"collection":[{"href":"https:\/\/eflcarlsbourg.be\/index.php\/wp-json\/wp\/v2\/pages"}],"about":[{"href":"https:\/\/eflcarlsbourg.be\/index.php\/wp-json\/wp\/v2\/types\/page"}],"author":[{"embeddable":true,"href":"https:\/\/eflcarlsbourg.be\/index.php\/wp-json\/wp\/v2\/users\/1"}],"replies":[{"embeddable":true,"href":"https:\/\/eflcarlsbourg.be\/index.php\/wp-json\/wp\/v2\/comments?post=6"}],"version-history":[{"count":21,"href":"https:\/\/eflcarlsbourg.be\/index.php\/wp-json\/wp\/v2\/pages\/6\/revisions"}],"predecessor-version":[{"id":452,"href":"https:\/\/eflcarlsbourg.be\/index.php\/wp-json\/wp\/v2\/pages\/6\/revisions\/452"}],"wp:attachment":[{"href":"https:\/\/eflcarlsbourg.be\/index.php\/wp-json\/wp\/v2\/media?parent=6"}],"curies":[{"name":"wp","href":"https:\/\/api.w.org\/{rel}","templated":true}]}}