{"id":58,"date":"2022-09-15T14:33:37","date_gmt":"2022-09-15T12:33:37","guid":{"rendered":"http:\/\/eflcarlsbourg.be\/?page_id=58"},"modified":"2022-09-16T13:25:12","modified_gmt":"2022-09-16T11:25:12","slug":"classes-flexibles","status":"publish","type":"page","link":"https:\/\/eflcarlsbourg.be\/index.php\/classes-flexibles\/","title":{"rendered":"Classes flexibles"},"content":{"rendered":"<p>Nouveau depuis l\u2019ann\u00e9e scolaire 2020-2021 : Les classes flexibles<\/p>\n<p><img loading=\"lazy\" class=\"size-medium wp-image-161 aligncenter\" src=\"http:\/\/eflcarlsbourg.be\/wp-content\/uploads\/2022\/09\/121387771_668011847485307_2282485966525362825_n-300x225.jpg\" alt=\"\" width=\"300\" height=\"225\" srcset=\"https:\/\/eflcarlsbourg.be\/wp-content\/uploads\/2022\/09\/121387771_668011847485307_2282485966525362825_n-300x225.jpg 300w, https:\/\/eflcarlsbourg.be\/wp-content\/uploads\/2022\/09\/121387771_668011847485307_2282485966525362825_n-1024x768.jpg 1024w, https:\/\/eflcarlsbourg.be\/wp-content\/uploads\/2022\/09\/121387771_668011847485307_2282485966525362825_n-768x576.jpg 768w, https:\/\/eflcarlsbourg.be\/wp-content\/uploads\/2022\/09\/121387771_668011847485307_2282485966525362825_n-1536x1152.jpg 1536w, https:\/\/eflcarlsbourg.be\/wp-content\/uploads\/2022\/09\/121387771_668011847485307_2282485966525362825_n-1057x793.jpg 1057w, https:\/\/eflcarlsbourg.be\/wp-content\/uploads\/2022\/09\/121387771_668011847485307_2282485966525362825_n.jpg 2040w\" sizes=\"(max-width: 300px) 100vw, 300px\" \/><\/p>\n<p>Le concept de la classe flexible a 3 approches centrales :<\/p>\n<ul>\n<li>Repenser la place et le r\u00f4le de l\u2019enseignant<\/li>\n<li>Repenser la place et le r\u00f4le de l\u2019\u00e9l\u00e8ve<\/li>\n<li>Repenser l\u2019espace et le temps<\/li>\n<\/ul>\n<p>==&gt; la classe flexible = Enseignement, Environnement et Enseignants FLEXIBLES !<\/p>\n<p>C\u2019est une philosophie qui place l\u2019enfant AU CENTRE de ses apprentissages. C\u2019est en op\u00e9rant une transformation du cadre (de l\u2019espace) que l\u2019enseignement flexible accroit la libert\u00e9 de l\u2019\u00e9l\u00e8ve permettant une approche plus individualis\u00e9e, plus respectueuse de ses besoins et de son rythme d\u2019apprentissage.<\/p>\n<p>Le c\u0153ur de l\u2019enseignement flexible repose sur la capacit\u00e9 de l\u2019enseignant \u00e0 faire confiance \u00e0 l\u2019\u00e9l\u00e8ve comme garant de ses apprentissages quels que soient son \u00e2ge et ses capacit\u00e9s. C\u2019est accompagner l\u2019\u00e9l\u00e8ve sans en rechercher le contr\u00f4le absolu.<\/p>\n<p>Plusieurs valeurs sont mises en avant\u00a0:<\/p>\n<ul>\n<li>La diff\u00e9renciation<\/li>\n<li>La bienveillance envers soi et envers les autres<\/li>\n<li>Le respect des besoins, du rythme, du mat\u00e9riel et de l\u2019organisation de la classe<\/li>\n<\/ul>\n<p>&nbsp;<\/p>\n<p>L\u2019organisation du mat\u00e9riel est diff\u00e9rente \u00e9galement :<\/p>\n<ul>\n<li>Mat\u00e9riel riche et en libre acc\u00e8s<\/li>\n<li>Mat\u00e9riel rang\u00e9 par mati\u00e8res ou par centres<\/li>\n<li>Plus de plumiers<\/li>\n<li>Plus de casiers sous les bancs<\/li>\n<li>Mat\u00e9riel commun<\/li>\n<li>L&rsquo;enseignant n\u2019a plus de bureau ou un bureau partag\u00e9 avec ses \u00e9l\u00e8ves<\/li>\n<\/ul>\n<p>&nbsp;<\/p>\n<p>La classe flexible est un espace dans lequel le mobilier, les assises, l\u2019am\u00e9nagement de l\u2019espace et les r\u00e8gles associ\u00e9es sont repens\u00e9s afin d\u2019avoir une plus grande libert\u00e9 de mouvement et plus de bien-\u00eatre pour les \u00e9l\u00e8ves. Cela leur permet de trouver la position qui leur apportera le plus de confort, de concentration et de bouger quand c\u2019est n\u00e9cessaire. Les \u00e9l\u00e8ves n\u2019ont plus UNE place fixe, ils peuvent changer de place et varier les positions de travail.<\/p>\n<p><span style=\"text-decoration: underline;\"><strong>Avantages<\/strong> <\/span>:<\/p>\n<p>Des \u00e9tudes et les neurosciences mettent r\u00e9guli\u00e8rement en avant les bienfaits de cet am\u00e9nagement :<\/p>\n<ul>\n<li>Contrer la s\u00e9dentarit\u00e9 : am\u00e9liorer la posture, le d\u00e9veloppement sensori-moteur et le tonus musculaire<\/li>\n<li>Am\u00e9liorer la concentration<\/li>\n<li>Promouvoir le travail en \u00e9quipe et le travail collaboratif<\/li>\n<li>Am\u00e9liorer la motivation et l\u2019implication<\/li>\n<li>S&rsquo;adapter \u00e0 toutes les personnalit\u00e9s d\u2019\u00e9l\u00e8ves<\/li>\n<li>Am\u00e9liorer l\u2019ambiance de travail, la relation enseignant\/\u00e9l\u00e8ve<\/li>\n<li>Am\u00e9liorer l\u2019autonomie et le rendement des \u00e9l\u00e8ves<\/li>\n<\/ul>\n<p>L\u2019enseignant flexible recherche l\u2019autonomie, a la volont\u00e9 de replacer l\u2019\u00e9l\u00e8ve au c\u0153ur des apprentissages et a une posture de l\u00e2cher prise : la n\u00e9cessit\u00e9 de s\u2019approcher au plus pr\u00e8s des besoins de chacun et chacune.<\/p>\n<p>&nbsp;<\/p>\n\n\t\t<style type=\"text\/css\">\n\t\t\t#gallery-1 {\n\t\t\t\tmargin: auto;\n\t\t\t}\n\t\t\t#gallery-1 .gallery-item {\n\t\t\t\tfloat: left;\n\t\t\t\tmargin-top: 10px;\n\t\t\t\ttext-align: center;\n\t\t\t\twidth: 50%;\n\t\t\t}\n\t\t\t#gallery-1 img {\n\t\t\t\tborder: 2px solid #cfcfcf;\n\t\t\t}\n\t\t\t#gallery-1 .gallery-caption {\n\t\t\t\tmargin-left: 0;\n\t\t\t}\n\t\t\t\/* see gallery_shortcode() in wp-includes\/media.php *\/\n\t\t<\/style>\n\t\t<div id='gallery-1' class='gallery galleryid-58 gallery-columns-2 gallery-size-medium'><dl class='gallery-item'>\n\t\t\t<dt class='gallery-icon portrait'>\n\t\t\t\t<a href='https:\/\/eflcarlsbourg.be\/index.php\/classes-flexibles\/121366014_328752391556244_891299676082454173_n\/'><img width=\"224\" height=\"300\" src=\"https:\/\/eflcarlsbourg.be\/wp-content\/uploads\/2022\/09\/121366014_328752391556244_891299676082454173_n-224x300.jpg\" class=\"attachment-medium size-medium\" alt=\"\" loading=\"lazy\" srcset=\"https:\/\/eflcarlsbourg.be\/wp-content\/uploads\/2022\/09\/121366014_328752391556244_891299676082454173_n-224x300.jpg 224w, https:\/\/eflcarlsbourg.be\/wp-content\/uploads\/2022\/09\/121366014_328752391556244_891299676082454173_n-764x1024.jpg 764w, https:\/\/eflcarlsbourg.be\/wp-content\/uploads\/2022\/09\/121366014_328752391556244_891299676082454173_n-768x1029.jpg 768w, https:\/\/eflcarlsbourg.be\/wp-content\/uploads\/2022\/09\/121366014_328752391556244_891299676082454173_n-1146x1536.jpg 1146w, https:\/\/eflcarlsbourg.be\/wp-content\/uploads\/2022\/09\/121366014_328752391556244_891299676082454173_n-1057x1417.jpg 1057w, https:\/\/eflcarlsbourg.be\/wp-content\/uploads\/2022\/09\/121366014_328752391556244_891299676082454173_n.jpg 1504w\" sizes=\"(max-width: 224px) 100vw, 224px\" \/><\/a>\n\t\t\t<\/dt><\/dl><dl class='gallery-item'>\n\t\t\t<dt class='gallery-icon landscape'>\n\t\t\t\t<a href='https:\/\/eflcarlsbourg.be\/index.php\/classes-flexibles\/121530558_678086969793073_4111536716565049658_n\/'><img width=\"300\" height=\"225\" src=\"https:\/\/eflcarlsbourg.be\/wp-content\/uploads\/2022\/09\/121530558_678086969793073_4111536716565049658_n-300x225.jpg\" class=\"attachment-medium size-medium\" alt=\"\" loading=\"lazy\" srcset=\"https:\/\/eflcarlsbourg.be\/wp-content\/uploads\/2022\/09\/121530558_678086969793073_4111536716565049658_n-300x225.jpg 300w, https:\/\/eflcarlsbourg.be\/wp-content\/uploads\/2022\/09\/121530558_678086969793073_4111536716565049658_n-1024x768.jpg 1024w, https:\/\/eflcarlsbourg.be\/wp-content\/uploads\/2022\/09\/121530558_678086969793073_4111536716565049658_n-768x576.jpg 768w, https:\/\/eflcarlsbourg.be\/wp-content\/uploads\/2022\/09\/121530558_678086969793073_4111536716565049658_n-1536x1152.jpg 1536w, https:\/\/eflcarlsbourg.be\/wp-content\/uploads\/2022\/09\/121530558_678086969793073_4111536716565049658_n-1057x793.jpg 1057w, https:\/\/eflcarlsbourg.be\/wp-content\/uploads\/2022\/09\/121530558_678086969793073_4111536716565049658_n.jpg 2040w\" sizes=\"(max-width: 300px) 100vw, 300px\" \/><\/a>\n\t\t\t<\/dt><\/dl><br style=\"clear: both\" \/><dl class='gallery-item'>\n\t\t\t<dt class='gallery-icon portrait'>\n\t\t\t\t<a href='https:\/\/eflcarlsbourg.be\/index.php\/classes-flexibles\/121614263_3622140477808318_5976542500473229153_n\/'><img width=\"224\" height=\"300\" src=\"https:\/\/eflcarlsbourg.be\/wp-content\/uploads\/2022\/09\/121614263_3622140477808318_5976542500473229153_n-224x300.jpg\" class=\"attachment-medium size-medium\" alt=\"\" loading=\"lazy\" srcset=\"https:\/\/eflcarlsbourg.be\/wp-content\/uploads\/2022\/09\/121614263_3622140477808318_5976542500473229153_n-224x300.jpg 224w, https:\/\/eflcarlsbourg.be\/wp-content\/uploads\/2022\/09\/121614263_3622140477808318_5976542500473229153_n-764x1024.jpg 764w, https:\/\/eflcarlsbourg.be\/wp-content\/uploads\/2022\/09\/121614263_3622140477808318_5976542500473229153_n-768x1029.jpg 768w, https:\/\/eflcarlsbourg.be\/wp-content\/uploads\/2022\/09\/121614263_3622140477808318_5976542500473229153_n-1146x1536.jpg 1146w, https:\/\/eflcarlsbourg.be\/wp-content\/uploads\/2022\/09\/121614263_3622140477808318_5976542500473229153_n-1057x1417.jpg 1057w, https:\/\/eflcarlsbourg.be\/wp-content\/uploads\/2022\/09\/121614263_3622140477808318_5976542500473229153_n.jpg 1504w\" sizes=\"(max-width: 224px) 100vw, 224px\" \/><\/a>\n\t\t\t<\/dt><\/dl><dl class='gallery-item'>\n\t\t\t<dt class='gallery-icon landscape'>\n\t\t\t\t<a href='https:\/\/eflcarlsbourg.be\/index.php\/classes-flexibles\/121497089_997772834004633_7115908970758343466_n\/'><img width=\"300\" height=\"225\" src=\"https:\/\/eflcarlsbourg.be\/wp-content\/uploads\/2022\/09\/121497089_997772834004633_7115908970758343466_n-300x225.jpg\" class=\"attachment-medium size-medium\" alt=\"\" loading=\"lazy\" srcset=\"https:\/\/eflcarlsbourg.be\/wp-content\/uploads\/2022\/09\/121497089_997772834004633_7115908970758343466_n-300x225.jpg 300w, https:\/\/eflcarlsbourg.be\/wp-content\/uploads\/2022\/09\/121497089_997772834004633_7115908970758343466_n-1024x768.jpg 1024w, https:\/\/eflcarlsbourg.be\/wp-content\/uploads\/2022\/09\/121497089_997772834004633_7115908970758343466_n-768x576.jpg 768w, https:\/\/eflcarlsbourg.be\/wp-content\/uploads\/2022\/09\/121497089_997772834004633_7115908970758343466_n-1536x1152.jpg 1536w, https:\/\/eflcarlsbourg.be\/wp-content\/uploads\/2022\/09\/121497089_997772834004633_7115908970758343466_n-1057x793.jpg 1057w, https:\/\/eflcarlsbourg.be\/wp-content\/uploads\/2022\/09\/121497089_997772834004633_7115908970758343466_n.jpg 2016w\" sizes=\"(max-width: 300px) 100vw, 300px\" \/><\/a>\n\t\t\t<\/dt><\/dl><br style=\"clear: both\" \/>\n\t\t<\/div>\n\n<p>&nbsp;<\/p>\n","protected":false},"excerpt":{"rendered":"<p>Nouveau depuis l\u2019ann\u00e9e scolaire 2020-2021 : Les classes flexibles Le concept de la classe flexible a 3 approches centrales : Repenser la place et le r\u00f4le de l\u2019enseignant Repenser la place et le r\u00f4le de l\u2019\u00e9l\u00e8ve Repenser l\u2019espace et le temps ==&gt; la classe flexible = Enseignement, Environnement et Enseignants FLEXIBLES ! C\u2019est une philosophie &hellip; <\/p>\n<p><a class=\"more-link btn\" href=\"https:\/\/eflcarlsbourg.be\/index.php\/classes-flexibles\/\">Lire la suite<\/a><\/p>\n","protected":false},"author":3,"featured_media":0,"parent":0,"menu_order":0,"comment_status":"closed","ping_status":"closed","template":"","meta":[],"_links":{"self":[{"href":"https:\/\/eflcarlsbourg.be\/index.php\/wp-json\/wp\/v2\/pages\/58"}],"collection":[{"href":"https:\/\/eflcarlsbourg.be\/index.php\/wp-json\/wp\/v2\/pages"}],"about":[{"href":"https:\/\/eflcarlsbourg.be\/index.php\/wp-json\/wp\/v2\/types\/page"}],"author":[{"embeddable":true,"href":"https:\/\/eflcarlsbourg.be\/index.php\/wp-json\/wp\/v2\/users\/3"}],"replies":[{"embeddable":true,"href":"https:\/\/eflcarlsbourg.be\/index.php\/wp-json\/wp\/v2\/comments?post=58"}],"version-history":[{"count":9,"href":"https:\/\/eflcarlsbourg.be\/index.php\/wp-json\/wp\/v2\/pages\/58\/revisions"}],"predecessor-version":[{"id":201,"href":"https:\/\/eflcarlsbourg.be\/index.php\/wp-json\/wp\/v2\/pages\/58\/revisions\/201"}],"wp:attachment":[{"href":"https:\/\/eflcarlsbourg.be\/index.php\/wp-json\/wp\/v2\/media?parent=58"}],"curies":[{"name":"wp","href":"https:\/\/api.w.org\/{rel}","templated":true}]}}