{"id":56,"date":"2022-09-15T14:33:22","date_gmt":"2022-09-15T12:33:22","guid":{"rendered":"http:\/\/eflcarlsbourg.be\/?page_id=56"},"modified":"2025-06-12T15:16:29","modified_gmt":"2025-06-12T13:16:29","slug":"ecole-du-dehors","status":"publish","type":"page","link":"https:\/\/eflcarlsbourg.be\/index.php\/ecole-du-dehors\/","title":{"rendered":"Ecole du dehors"},"content":{"rendered":"<table style=\"height: 230px; width: 82%; border-collapse: collapse; border-style: solid; background-color: #3cc257; border-color: #211111;\">\n<tbody>\n<tr style=\"height: 230px;\">\n<td style=\"width: 100%; height: 230px;\">\u00ab\u00a0Les enfants devraient vivre au grand air, face \u00e0 face avec<\/p>\n<p>la nature qui fortifie le corps, qui po\u00e9tise l\u2019\u00e2me et \u00e9veille en<\/p>\n<p>elle une curiosit\u00e9 plus pr\u00e9cieuse pour l\u2019\u00e9ducation que toutes les grammaires du monde.\u00a0\u00bb<\/p>\n<p>Alexandre Dumas<\/td>\n<\/tr>\n<\/tbody>\n<\/table>\n<p>&nbsp;<\/p>\n<h2><u>Objectifs de l\u2019\u00e9cole du dehors\u00a0:<\/u><\/h2>\n<p>Le bien-\u00eatre se trouve souvent dans la simplicit\u00e9 et dans la connexion \u00e0 la nature.<\/p>\n<p>Pourquoi donner cours \u00e0 l\u2019ext\u00e9rieur\u00a0?<\/p>\n<p><strong>Sortir rappelle de bons moments de l\u2019enfance<\/strong><\/p>\n<p><strong>Sortir permet de profiter du beau temps<\/strong><\/p>\n<p><strong>Sortir, c\u2019est aussi pour le plaisir<\/strong><\/p>\n<p><strong>Sortir vise \u00e0 partager l\u2019amour de la nature<\/strong><\/p>\n<p><strong>Sortir, c\u2019est r\u00e9pondre aux besoins des enfants<\/strong><\/p>\n<p><strong>Sortir, c\u2019est faire de nouvelles d\u00e9couvertes<\/strong><\/p>\n<p><strong>Sortir permet d\u2019appr\u00e9hender a<\/strong><strong>utrement les apprentissages<\/strong><\/p>\n<p><img loading=\"lazy\" class=\"alignnone size-medium wp-image-438\" src=\"http:\/\/eflcarlsbourg.be\/wp-content\/uploads\/2025\/06\/459576533_506053275479521_5746668349790870958_n-224x300.jpg\" alt=\"\" width=\"224\" height=\"300\" srcset=\"https:\/\/eflcarlsbourg.be\/wp-content\/uploads\/2025\/06\/459576533_506053275479521_5746668349790870958_n-224x300.jpg 224w, https:\/\/eflcarlsbourg.be\/wp-content\/uploads\/2025\/06\/459576533_506053275479521_5746668349790870958_n-766x1024.jpg 766w, https:\/\/eflcarlsbourg.be\/wp-content\/uploads\/2025\/06\/459576533_506053275479521_5746668349790870958_n-768x1026.jpg 768w, https:\/\/eflcarlsbourg.be\/wp-content\/uploads\/2025\/06\/459576533_506053275479521_5746668349790870958_n-1149x1536.jpg 1149w, https:\/\/eflcarlsbourg.be\/wp-content\/uploads\/2025\/06\/459576533_506053275479521_5746668349790870958_n-1057x1413.jpg 1057w, https:\/\/eflcarlsbourg.be\/wp-content\/uploads\/2025\/06\/459576533_506053275479521_5746668349790870958_n.jpg 1302w\" sizes=\"(max-width: 224px) 100vw, 224px\" \/>\u00a0\u00a0<img loading=\"lazy\" class=\"alignnone size-medium wp-image-321\" src=\"http:\/\/eflcarlsbourg.be\/wp-content\/uploads\/2022\/09\/284534223_1896005377255556_6073275950462244610_n-300x300.jpg\" alt=\"\" width=\"300\" height=\"300\" srcset=\"https:\/\/eflcarlsbourg.be\/wp-content\/uploads\/2022\/09\/284534223_1896005377255556_6073275950462244610_n-300x300.jpg 300w, https:\/\/eflcarlsbourg.be\/wp-content\/uploads\/2022\/09\/284534223_1896005377255556_6073275950462244610_n-150x150.jpg 150w, https:\/\/eflcarlsbourg.be\/wp-content\/uploads\/2022\/09\/284534223_1896005377255556_6073275950462244610_n.jpg 315w\" sizes=\"(max-width: 300px) 100vw, 300px\" \/><img loading=\"lazy\" class=\"alignnone size-medium wp-image-211\" src=\"http:\/\/eflcarlsbourg.be\/wp-content\/uploads\/2022\/09\/received_3447671338648221-225x300.jpeg\" alt=\"\" width=\"225\" height=\"300\" srcset=\"https:\/\/eflcarlsbourg.be\/wp-content\/uploads\/2022\/09\/received_3447671338648221-225x300.jpeg 225w, https:\/\/eflcarlsbourg.be\/wp-content\/uploads\/2022\/09\/received_3447671338648221-768x1024.jpeg 768w, https:\/\/eflcarlsbourg.be\/wp-content\/uploads\/2022\/09\/received_3447671338648221-1152x1536.jpeg 1152w, https:\/\/eflcarlsbourg.be\/wp-content\/uploads\/2022\/09\/received_3447671338648221-1536x2048.jpeg 1536w, https:\/\/eflcarlsbourg.be\/wp-content\/uploads\/2022\/09\/received_3447671338648221-1057x1409.jpeg 1057w, https:\/\/eflcarlsbourg.be\/wp-content\/uploads\/2022\/09\/received_3447671338648221-scaled.jpeg 1920w\" sizes=\"(max-width: 225px) 100vw, 225px\" \/>\u00a0 \u00a0<img loading=\"lazy\" class=\"alignnone size-medium wp-image-208\" src=\"http:\/\/eflcarlsbourg.be\/wp-content\/uploads\/2022\/09\/received_327343291866093-225x300.jpeg\" alt=\"\" width=\"225\" height=\"300\" srcset=\"https:\/\/eflcarlsbourg.be\/wp-content\/uploads\/2022\/09\/received_327343291866093-225x300.jpeg 225w, https:\/\/eflcarlsbourg.be\/wp-content\/uploads\/2022\/09\/received_327343291866093-768x1024.jpeg 768w, https:\/\/eflcarlsbourg.be\/wp-content\/uploads\/2022\/09\/received_327343291866093-1152x1536.jpeg 1152w, https:\/\/eflcarlsbourg.be\/wp-content\/uploads\/2022\/09\/received_327343291866093-1536x2048.jpeg 1536w, https:\/\/eflcarlsbourg.be\/wp-content\/uploads\/2022\/09\/received_327343291866093-1057x1409.jpeg 1057w, https:\/\/eflcarlsbourg.be\/wp-content\/uploads\/2022\/09\/received_327343291866093-scaled.jpeg 1920w\" sizes=\"(max-width: 225px) 100vw, 225px\" \/><\/p>\n<p>&nbsp;<\/p>\n<h2><strong>Quels sont les b\u00e9n\u00e9fices\u00a0?<\/strong><\/h2>\n<p><strong>Sortir, c\u2019est bon pour le corps<\/strong><\/p>\n<p><strong>Passer du temps au grand air, c\u2019est bon pour la sant\u00e9<\/strong><\/p>\n<p><strong>Dehors pour se sentir bien mentalement<\/strong><\/p>\n","protected":false},"excerpt":{"rendered":"<p>\u00ab\u00a0Les enfants devraient vivre au grand air, face \u00e0 face avec la nature qui fortifie le corps, qui po\u00e9tise l\u2019\u00e2me et \u00e9veille en elle une curiosit\u00e9 plus pr\u00e9cieuse pour l\u2019\u00e9ducation que toutes les grammaires du monde.\u00a0\u00bb Alexandre Dumas &nbsp; Objectifs de l\u2019\u00e9cole du dehors\u00a0: Le bien-\u00eatre se trouve souvent dans la simplicit\u00e9 et dans la &hellip; <\/p>\n<p><a class=\"more-link btn\" href=\"https:\/\/eflcarlsbourg.be\/index.php\/ecole-du-dehors\/\">Lire la suite<\/a><\/p>\n","protected":false},"author":3,"featured_media":0,"parent":0,"menu_order":0,"comment_status":"closed","ping_status":"closed","template":"","meta":[],"_links":{"self":[{"href":"https:\/\/eflcarlsbourg.be\/index.php\/wp-json\/wp\/v2\/pages\/56"}],"collection":[{"href":"https:\/\/eflcarlsbourg.be\/index.php\/wp-json\/wp\/v2\/pages"}],"about":[{"href":"https:\/\/eflcarlsbourg.be\/index.php\/wp-json\/wp\/v2\/types\/page"}],"author":[{"embeddable":true,"href":"https:\/\/eflcarlsbourg.be\/index.php\/wp-json\/wp\/v2\/users\/3"}],"replies":[{"embeddable":true,"href":"https:\/\/eflcarlsbourg.be\/index.php\/wp-json\/wp\/v2\/comments?post=56"}],"version-history":[{"count":8,"href":"https:\/\/eflcarlsbourg.be\/index.php\/wp-json\/wp\/v2\/pages\/56\/revisions"}],"predecessor-version":[{"id":440,"href":"https:\/\/eflcarlsbourg.be\/index.php\/wp-json\/wp\/v2\/pages\/56\/revisions\/440"}],"wp:attachment":[{"href":"https:\/\/eflcarlsbourg.be\/index.php\/wp-json\/wp\/v2\/media?parent=56"}],"curies":[{"name":"wp","href":"https:\/\/api.w.org\/{rel}","templated":true}]}}