{"id":44,"date":"2022-09-15T14:30:43","date_gmt":"2022-09-15T12:30:43","guid":{"rendered":"http:\/\/eflcarlsbourg.be\/?page_id=44"},"modified":"2022-09-16T12:45:23","modified_gmt":"2022-09-16T10:45:23","slug":"organigramme","status":"publish","type":"page","link":"https:\/\/eflcarlsbourg.be\/index.php\/organigramme\/","title":{"rendered":"Organigramme"},"content":{"rendered":"<p>Notre \u00e9cole est une \u00e9cole libre subventionn\u00e9e.<\/p>\n<p><img loading=\"lazy\" class=\"alignnone wp-image-102\" src=\"http:\/\/eflcarlsbourg.be\/wp-content\/uploads\/2022\/09\/Po-300x263.jpg\" alt=\"\" width=\"532\" height=\"466\" srcset=\"https:\/\/eflcarlsbourg.be\/wp-content\/uploads\/2022\/09\/Po-300x263.jpg 300w, https:\/\/eflcarlsbourg.be\/wp-content\/uploads\/2022\/09\/Po.jpg 734w\" sizes=\"(max-width: 532px) 100vw, 532px\" \/><\/p>\n<p>&nbsp;<\/p>\n<h2><strong>Organigramme d&rsquo;une \u00e9cole:<\/strong><\/h2>\n<p><a href=\"http:\/\/eflcarlsbourg.be\/wp-content\/uploads\/2022\/09\/organigramme-ecole.bmp\"><img loading=\"lazy\" class=\" wp-image-121\" src=\"http:\/\/eflcarlsbourg.be\/wp-content\/uploads\/2022\/09\/organigramme-ecole-300x148.jpg\" alt=\"\" width=\"514\" height=\"254\" srcset=\"https:\/\/eflcarlsbourg.be\/wp-content\/uploads\/2022\/09\/organigramme-ecole-300x148.jpg 300w, https:\/\/eflcarlsbourg.be\/wp-content\/uploads\/2022\/09\/organigramme-ecole.bmp 758w\" sizes=\"(max-width: 514px) 100vw, 514px\" \/><\/a><\/p>\n<p>&nbsp;<\/p>\n<p>&nbsp;<\/p>\n","protected":false},"excerpt":{"rendered":"<p>Notre \u00e9cole est une \u00e9cole libre subventionn\u00e9e. &nbsp; Organigramme d&rsquo;une \u00e9cole: &nbsp; &nbsp;<\/p>\n","protected":false},"author":3,"featured_media":0,"parent":0,"menu_order":0,"comment_status":"closed","ping_status":"closed","template":"","meta":[],"_links":{"self":[{"href":"https:\/\/eflcarlsbourg.be\/index.php\/wp-json\/wp\/v2\/pages\/44"}],"collection":[{"href":"https:\/\/eflcarlsbourg.be\/index.php\/wp-json\/wp\/v2\/pages"}],"about":[{"href":"https:\/\/eflcarlsbourg.be\/index.php\/wp-json\/wp\/v2\/types\/page"}],"author":[{"embeddable":true,"href":"https:\/\/eflcarlsbourg.be\/index.php\/wp-json\/wp\/v2\/users\/3"}],"replies":[{"embeddable":true,"href":"https:\/\/eflcarlsbourg.be\/index.php\/wp-json\/wp\/v2\/comments?post=44"}],"version-history":[{"count":6,"href":"https:\/\/eflcarlsbourg.be\/index.php\/wp-json\/wp\/v2\/pages\/44\/revisions"}],"predecessor-version":[{"id":166,"href":"https:\/\/eflcarlsbourg.be\/index.php\/wp-json\/wp\/v2\/pages\/44\/revisions\/166"}],"wp:attachment":[{"href":"https:\/\/eflcarlsbourg.be\/index.php\/wp-json\/wp\/v2\/media?parent=44"}],"curies":[{"name":"wp","href":"https:\/\/api.w.org\/{rel}","templated":true}]}}