{"id":330,"date":"2022-11-29T14:11:49","date_gmt":"2022-11-29T13:11:49","guid":{"rendered":"http:\/\/eflcarlsbourg.be\/?page_id=330"},"modified":"2023-04-21T13:54:59","modified_gmt":"2023-04-21T11:54:59","slug":"rgpd","status":"publish","type":"page","link":"https:\/\/eflcarlsbourg.be\/index.php\/rgpd\/","title":{"rendered":"RGPD"},"content":{"rendered":"<p><b>R\u00e8glement g\u00e9n\u00e9ral de protection des donn\u00e9es \u00e0 caract\u00e8re personnel<\/b><\/p>\n<p><img loading=\"lazy\" class=\"alignnone size-medium wp-image-334\" src=\"http:\/\/eflcarlsbourg.be\/wp-content\/uploads\/2022\/11\/logo-300x166.jpg\" alt=\"\" width=\"300\" height=\"166\" srcset=\"https:\/\/eflcarlsbourg.be\/wp-content\/uploads\/2022\/11\/logo-300x166.jpg 300w, https:\/\/eflcarlsbourg.be\/wp-content\/uploads\/2022\/11\/logo-1024x567.jpg 1024w, https:\/\/eflcarlsbourg.be\/wp-content\/uploads\/2022\/11\/logo-768x425.jpg 768w, https:\/\/eflcarlsbourg.be\/wp-content\/uploads\/2022\/11\/logo-1057x585.jpg 1057w, https:\/\/eflcarlsbourg.be\/wp-content\/uploads\/2022\/11\/logo.jpg 1100w\" sizes=\"(max-width: 300px) 100vw, 300px\" \/><\/p>\n<p>&nbsp;<\/p>\n<p><a href=\"http:\/\/eflcarlsbourg.be\/wp-content\/uploads\/2023\/04\/politique-vie-privee-externe-Carlsbourg.pdf\">politique vie priv\u00e9e externe Carlsbourg<\/a><\/p>\n<p><a href=\"http:\/\/eflcarlsbourg.be\/wp-content\/uploads\/2023\/04\/Consentement-droit-a-limage-et-sante-Carlsbourg.pdf\">Consentement droit \u00e0 l&rsquo;image et sant\u00e9 Carlsbourg<\/a><\/p>\n","protected":false},"excerpt":{"rendered":"<p>R\u00e8glement g\u00e9n\u00e9ral de protection des donn\u00e9es \u00e0 caract\u00e8re personnel &nbsp; politique vie priv\u00e9e externe Carlsbourg Consentement droit \u00e0 l&rsquo;image et sant\u00e9 Carlsbourg<\/p>\n","protected":false},"author":3,"featured_media":0,"parent":0,"menu_order":0,"comment_status":"closed","ping_status":"closed","template":"","meta":[],"_links":{"self":[{"href":"https:\/\/eflcarlsbourg.be\/index.php\/wp-json\/wp\/v2\/pages\/330"}],"collection":[{"href":"https:\/\/eflcarlsbourg.be\/index.php\/wp-json\/wp\/v2\/pages"}],"about":[{"href":"https:\/\/eflcarlsbourg.be\/index.php\/wp-json\/wp\/v2\/types\/page"}],"author":[{"embeddable":true,"href":"https:\/\/eflcarlsbourg.be\/index.php\/wp-json\/wp\/v2\/users\/3"}],"replies":[{"embeddable":true,"href":"https:\/\/eflcarlsbourg.be\/index.php\/wp-json\/wp\/v2\/comments?post=330"}],"version-history":[{"count":5,"href":"https:\/\/eflcarlsbourg.be\/index.php\/wp-json\/wp\/v2\/pages\/330\/revisions"}],"predecessor-version":[{"id":380,"href":"https:\/\/eflcarlsbourg.be\/index.php\/wp-json\/wp\/v2\/pages\/330\/revisions\/380"}],"wp:attachment":[{"href":"https:\/\/eflcarlsbourg.be\/index.php\/wp-json\/wp\/v2\/media?parent=330"}],"curies":[{"name":"wp","href":"https:\/\/api.w.org\/{rel}","templated":true}]}}