{"id":287,"date":"2022-09-29T11:12:06","date_gmt":"2022-09-29T09:12:06","guid":{"rendered":"http:\/\/eflcarlsbourg.be\/?page_id=287"},"modified":"2022-09-29T11:43:20","modified_gmt":"2022-09-29T09:43:20","slug":"le-potager","status":"publish","type":"page","link":"https:\/\/eflcarlsbourg.be\/index.php\/le-potager\/","title":{"rendered":"Le potager"},"content":{"rendered":"<p>Qui dit potage, dit potager&#8230;&#8230;<br \/>\n<img loading=\"lazy\" class=\"size-medium wp-image-274 aligncenter\" src=\"http:\/\/eflcarlsbourg.be\/wp-content\/uploads\/2022\/09\/43701004_256423198358807_1384350040620793856_n-225x300.jpg\" alt=\"\" width=\"225\" height=\"300\" srcset=\"https:\/\/eflcarlsbourg.be\/wp-content\/uploads\/2022\/09\/43701004_256423198358807_1384350040620793856_n-225x300.jpg 225w, https:\/\/eflcarlsbourg.be\/wp-content\/uploads\/2022\/09\/43701004_256423198358807_1384350040620793856_n-768x1024.jpg 768w, https:\/\/eflcarlsbourg.be\/wp-content\/uploads\/2022\/09\/43701004_256423198358807_1384350040620793856_n-1152x1536.jpg 1152w, https:\/\/eflcarlsbourg.be\/wp-content\/uploads\/2022\/09\/43701004_256423198358807_1384350040620793856_n-1057x1409.jpg 1057w, https:\/\/eflcarlsbourg.be\/wp-content\/uploads\/2022\/09\/43701004_256423198358807_1384350040620793856_n.jpg 1536w\" sizes=\"(max-width: 225px) 100vw, 225px\" \/><\/p>\n<p>Pour les projets \u00ab\u00a0potage \u00e0 10h\u00a0\u00bb ou pour notre potage servi \u00e0 midi, nous avons besoin de l\u00e9gumes.<br \/>\nNous cultivons certains l\u00e9gumes dans un potager pr\u00e8s de l&rsquo;\u00e9cole.<\/p>\n\n\t\t<style type=\"text\/css\">\n\t\t\t#gallery-1 {\n\t\t\t\tmargin: auto;\n\t\t\t}\n\t\t\t#gallery-1 .gallery-item {\n\t\t\t\tfloat: left;\n\t\t\t\tmargin-top: 10px;\n\t\t\t\ttext-align: center;\n\t\t\t\twidth: 50%;\n\t\t\t}\n\t\t\t#gallery-1 img {\n\t\t\t\tborder: 2px solid #cfcfcf;\n\t\t\t}\n\t\t\t#gallery-1 .gallery-caption {\n\t\t\t\tmargin-left: 0;\n\t\t\t}\n\t\t\t\/* see gallery_shortcode() in wp-includes\/media.php *\/\n\t\t<\/style>\n\t\t<div id='gallery-1' class='gallery galleryid-287 gallery-columns-2 gallery-size-medium'><dl class='gallery-item'>\n\t\t\t<dt class='gallery-icon landscape'>\n\t\t\t\t<a href='https:\/\/eflcarlsbourg.be\/index.php\/le-potager\/284232189_1895995257256568_4187073345699098393_n\/'><img width=\"300\" height=\"300\" src=\"https:\/\/eflcarlsbourg.be\/wp-content\/uploads\/2022\/09\/284232189_1895995257256568_4187073345699098393_n-300x300.jpg\" class=\"attachment-medium size-medium\" alt=\"\" loading=\"lazy\" srcset=\"https:\/\/eflcarlsbourg.be\/wp-content\/uploads\/2022\/09\/284232189_1895995257256568_4187073345699098393_n-300x300.jpg 300w, https:\/\/eflcarlsbourg.be\/wp-content\/uploads\/2022\/09\/284232189_1895995257256568_4187073345699098393_n-150x150.jpg 150w, https:\/\/eflcarlsbourg.be\/wp-content\/uploads\/2022\/09\/284232189_1895995257256568_4187073345699098393_n.jpg 315w\" sizes=\"(max-width: 300px) 100vw, 300px\" \/><\/a>\n\t\t\t<\/dt><\/dl><dl class='gallery-item'>\n\t\t\t<dt class='gallery-icon landscape'>\n\t\t\t\t<a href='https:\/\/eflcarlsbourg.be\/index.php\/le-potager\/284523037_1895995420589885_2567502080221077126_n\/'><img width=\"300\" height=\"300\" src=\"https:\/\/eflcarlsbourg.be\/wp-content\/uploads\/2022\/09\/284523037_1895995420589885_2567502080221077126_n-300x300.jpg\" class=\"attachment-medium size-medium\" alt=\"\" loading=\"lazy\" srcset=\"https:\/\/eflcarlsbourg.be\/wp-content\/uploads\/2022\/09\/284523037_1895995420589885_2567502080221077126_n-300x300.jpg 300w, https:\/\/eflcarlsbourg.be\/wp-content\/uploads\/2022\/09\/284523037_1895995420589885_2567502080221077126_n-150x150.jpg 150w, https:\/\/eflcarlsbourg.be\/wp-content\/uploads\/2022\/09\/284523037_1895995420589885_2567502080221077126_n.jpg 315w\" sizes=\"(max-width: 300px) 100vw, 300px\" \/><\/a>\n\t\t\t<\/dt><\/dl><br style=\"clear: both\" \/><dl class='gallery-item'>\n\t\t\t<dt class='gallery-icon landscape'>\n\t\t\t\t<a href='https:\/\/eflcarlsbourg.be\/index.php\/le-potager\/284534223_1896005377255556_6073275950462244610_n-1\/'><img width=\"300\" height=\"300\" src=\"https:\/\/eflcarlsbourg.be\/wp-content\/uploads\/2022\/09\/284534223_1896005377255556_6073275950462244610_n-1-300x300.jpg\" class=\"attachment-medium size-medium\" alt=\"\" loading=\"lazy\" srcset=\"https:\/\/eflcarlsbourg.be\/wp-content\/uploads\/2022\/09\/284534223_1896005377255556_6073275950462244610_n-1-300x300.jpg 300w, https:\/\/eflcarlsbourg.be\/wp-content\/uploads\/2022\/09\/284534223_1896005377255556_6073275950462244610_n-1-150x150.jpg 150w, https:\/\/eflcarlsbourg.be\/wp-content\/uploads\/2022\/09\/284534223_1896005377255556_6073275950462244610_n-1.jpg 315w\" sizes=\"(max-width: 300px) 100vw, 300px\" \/><\/a>\n\t\t\t<\/dt><\/dl><dl class='gallery-item'>\n\t\t\t<dt class='gallery-icon landscape'>\n\t\t\t\t<a href='https:\/\/eflcarlsbourg.be\/index.php\/le-potager\/284249126_1895995680589859_7927160443831913661_n\/'><img width=\"300\" height=\"300\" src=\"https:\/\/eflcarlsbourg.be\/wp-content\/uploads\/2022\/09\/284249126_1895995680589859_7927160443831913661_n-300x300.jpg\" class=\"attachment-medium size-medium\" alt=\"\" loading=\"lazy\" srcset=\"https:\/\/eflcarlsbourg.be\/wp-content\/uploads\/2022\/09\/284249126_1895995680589859_7927160443831913661_n-300x300.jpg 300w, https:\/\/eflcarlsbourg.be\/wp-content\/uploads\/2022\/09\/284249126_1895995680589859_7927160443831913661_n-150x150.jpg 150w, https:\/\/eflcarlsbourg.be\/wp-content\/uploads\/2022\/09\/284249126_1895995680589859_7927160443831913661_n.jpg 315w\" sizes=\"(max-width: 300px) 100vw, 300px\" \/><\/a>\n\t\t\t<\/dt><\/dl><br style=\"clear: both\" \/><dl class='gallery-item'>\n\t\t\t<dt class='gallery-icon portrait'>\n\t\t\t\t<a href='https:\/\/eflcarlsbourg.be\/index.php\/le-potager\/299836479_1957730851083008_6593976565728169790_n\/'><img width=\"231\" height=\"300\" src=\"https:\/\/eflcarlsbourg.be\/wp-content\/uploads\/2022\/09\/299836479_1957730851083008_6593976565728169790_n-231x300.jpg\" class=\"attachment-medium size-medium\" alt=\"\" loading=\"lazy\" srcset=\"https:\/\/eflcarlsbourg.be\/wp-content\/uploads\/2022\/09\/299836479_1957730851083008_6593976565728169790_n-231x300.jpg 231w, https:\/\/eflcarlsbourg.be\/wp-content\/uploads\/2022\/09\/299836479_1957730851083008_6593976565728169790_n.jpg 739w\" sizes=\"(max-width: 231px) 100vw, 231px\" \/><\/a>\n\t\t\t<\/dt><\/dl><dl class='gallery-item'>\n\t\t\t<dt class='gallery-icon landscape'>\n\t\t\t\t<a href='https:\/\/eflcarlsbourg.be\/index.php\/le-potager\/299771230_1957730797749680_3431023855905391956_n\/'><img width=\"300\" height=\"225\" src=\"https:\/\/eflcarlsbourg.be\/wp-content\/uploads\/2022\/09\/299771230_1957730797749680_3431023855905391956_n-300x225.jpg\" class=\"attachment-medium size-medium\" alt=\"\" loading=\"lazy\" srcset=\"https:\/\/eflcarlsbourg.be\/wp-content\/uploads\/2022\/09\/299771230_1957730797749680_3431023855905391956_n-300x225.jpg 300w, https:\/\/eflcarlsbourg.be\/wp-content\/uploads\/2022\/09\/299771230_1957730797749680_3431023855905391956_n-768x576.jpg 768w, https:\/\/eflcarlsbourg.be\/wp-content\/uploads\/2022\/09\/299771230_1957730797749680_3431023855905391956_n.jpg 960w\" sizes=\"(max-width: 300px) 100vw, 300px\" \/><\/a>\n\t\t\t<\/dt><\/dl><br style=\"clear: both\" \/>\n\t\t<\/div>\n\n","protected":false},"excerpt":{"rendered":"<p>Qui dit potage, dit potager&#8230;&#8230; Pour les projets \u00ab\u00a0potage \u00e0 10h\u00a0\u00bb ou pour notre potage servi \u00e0 midi, nous avons besoin de l\u00e9gumes. Nous cultivons certains l\u00e9gumes dans un potager pr\u00e8s de l&rsquo;\u00e9cole.<\/p>\n","protected":false},"author":3,"featured_media":0,"parent":0,"menu_order":0,"comment_status":"closed","ping_status":"closed","template":"","meta":[],"_links":{"self":[{"href":"https:\/\/eflcarlsbourg.be\/index.php\/wp-json\/wp\/v2\/pages\/287"}],"collection":[{"href":"https:\/\/eflcarlsbourg.be\/index.php\/wp-json\/wp\/v2\/pages"}],"about":[{"href":"https:\/\/eflcarlsbourg.be\/index.php\/wp-json\/wp\/v2\/types\/page"}],"author":[{"embeddable":true,"href":"https:\/\/eflcarlsbourg.be\/index.php\/wp-json\/wp\/v2\/users\/3"}],"replies":[{"embeddable":true,"href":"https:\/\/eflcarlsbourg.be\/index.php\/wp-json\/wp\/v2\/comments?post=287"}],"version-history":[{"count":3,"href":"https:\/\/eflcarlsbourg.be\/index.php\/wp-json\/wp\/v2\/pages\/287\/revisions"}],"predecessor-version":[{"id":324,"href":"https:\/\/eflcarlsbourg.be\/index.php\/wp-json\/wp\/v2\/pages\/287\/revisions\/324"}],"wp:attachment":[{"href":"https:\/\/eflcarlsbourg.be\/index.php\/wp-json\/wp\/v2\/media?parent=287"}],"curies":[{"name":"wp","href":"https:\/\/api.w.org\/{rel}","templated":true}]}}