{"id":282,"date":"2022-09-29T11:21:38","date_gmt":"2022-09-29T09:21:38","guid":{"rendered":"http:\/\/eflcarlsbourg.be\/?page_id=282"},"modified":"2022-09-29T11:38:15","modified_gmt":"2022-09-29T09:38:15","slug":"le-potage-pour-tous-a-10-h","status":"publish","type":"page","link":"https:\/\/eflcarlsbourg.be\/index.php\/le-potage-pour-tous-a-10-h\/","title":{"rendered":"Le potage pour tous \u00e0 10 h"},"content":{"rendered":"<p>En 2020-2021, nous avons gagn\u00e9 un appel \u00e0 projet de la province du Luxembourg: \u00ab\u00a0Un potage pour tous \u00e0 10h\u00a0\u00bb.<\/p>\n<p><img loading=\"lazy\" class=\"alignnone size-medium wp-image-308\" src=\"http:\/\/eflcarlsbourg.be\/wp-content\/uploads\/2022\/09\/Sans-titre-1-300x271.jpg\" alt=\"\" width=\"300\" height=\"271\" srcset=\"https:\/\/eflcarlsbourg.be\/wp-content\/uploads\/2022\/09\/Sans-titre-1-300x271.jpg 300w, https:\/\/eflcarlsbourg.be\/wp-content\/uploads\/2022\/09\/Sans-titre-1.jpg 602w\" sizes=\"(max-width: 300px) 100vw, 300px\" \/><\/p>\n<p>&nbsp;<\/p>\n<p>Chaque semaine, une classe pr\u00e9parait un potage avec des l\u00e9gumes de saison.<br \/>\nIl \u00e9tait servi \u00e0 tous \u00e0 la r\u00e9cr\u00e9ation de 10h et ce gratuitement.<\/p>\n\n\t\t<style type=\"text\/css\">\n\t\t\t#gallery-1 {\n\t\t\t\tmargin: auto;\n\t\t\t}\n\t\t\t#gallery-1 .gallery-item {\n\t\t\t\tfloat: left;\n\t\t\t\tmargin-top: 10px;\n\t\t\t\ttext-align: center;\n\t\t\t\twidth: 33%;\n\t\t\t}\n\t\t\t#gallery-1 img {\n\t\t\t\tborder: 2px solid #cfcfcf;\n\t\t\t}\n\t\t\t#gallery-1 .gallery-caption {\n\t\t\t\tmargin-left: 0;\n\t\t\t}\n\t\t\t\/* see gallery_shortcode() in wp-includes\/media.php *\/\n\t\t<\/style>\n\t\t<div id='gallery-1' class='gallery galleryid-282 gallery-columns-3 gallery-size-thumbnail'><dl class='gallery-item'>\n\t\t\t<dt class='gallery-icon landscape'>\n\t\t\t\t<a href='https:\/\/eflcarlsbourg.be\/index.php\/le-potage-pour-tous-a-10-h\/271668331_1798148973707864_4240754558016770110_n\/'><img width=\"150\" height=\"150\" src=\"https:\/\/eflcarlsbourg.be\/wp-content\/uploads\/2022\/09\/271668331_1798148973707864_4240754558016770110_n-150x150.jpg\" class=\"attachment-thumbnail size-thumbnail\" alt=\"\" loading=\"lazy\" \/><\/a>\n\t\t\t<\/dt><\/dl><dl class='gallery-item'>\n\t\t\t<dt class='gallery-icon landscape'>\n\t\t\t\t<a href='https:\/\/eflcarlsbourg.be\/index.php\/le-potage-pour-tous-a-10-h\/269604041_1807763626079732_9076479395963655790_n\/'><img width=\"150\" height=\"150\" src=\"https:\/\/eflcarlsbourg.be\/wp-content\/uploads\/2022\/09\/269604041_1807763626079732_9076479395963655790_n-150x150.jpg\" class=\"attachment-thumbnail size-thumbnail\" alt=\"\" loading=\"lazy\" \/><\/a>\n\t\t\t<\/dt><\/dl><dl class='gallery-item'>\n\t\t\t<dt class='gallery-icon portrait'>\n\t\t\t\t<a href='https:\/\/eflcarlsbourg.be\/index.php\/le-potage-pour-tous-a-10-h\/249019418_434510568034580_6115545807377240512_n\/'><img width=\"150\" height=\"150\" src=\"https:\/\/eflcarlsbourg.be\/wp-content\/uploads\/2022\/09\/249019418_434510568034580_6115545807377240512_n-150x150.jpg\" class=\"attachment-thumbnail size-thumbnail\" alt=\"\" loading=\"lazy\" \/><\/a>\n\t\t\t<\/dt><\/dl><br style=\"clear: both\" \/><dl class='gallery-item'>\n\t\t\t<dt class='gallery-icon landscape'>\n\t\t\t\t<a href='https:\/\/eflcarlsbourg.be\/index.php\/le-potage-pour-tous-a-10-h\/248867153_907675803472580_8120094532857019723_n\/'><img width=\"150\" height=\"150\" src=\"https:\/\/eflcarlsbourg.be\/wp-content\/uploads\/2022\/09\/248867153_907675803472580_8120094532857019723_n-150x150.jpg\" class=\"attachment-thumbnail size-thumbnail\" alt=\"\" loading=\"lazy\" \/><\/a>\n\t\t\t<\/dt><\/dl><dl class='gallery-item'>\n\t\t\t<dt class='gallery-icon landscape'>\n\t\t\t\t<a href='https:\/\/eflcarlsbourg.be\/index.php\/le-potage-pour-tous-a-10-h\/278571883_1871661456356615_283981265979984253_n\/'><img width=\"150\" height=\"150\" src=\"https:\/\/eflcarlsbourg.be\/wp-content\/uploads\/2022\/09\/278571883_1871661456356615_283981265979984253_n-150x150.jpg\" class=\"attachment-thumbnail size-thumbnail\" alt=\"\" loading=\"lazy\" srcset=\"https:\/\/eflcarlsbourg.be\/wp-content\/uploads\/2022\/09\/278571883_1871661456356615_283981265979984253_n-150x150.jpg 150w, https:\/\/eflcarlsbourg.be\/wp-content\/uploads\/2022\/09\/278571883_1871661456356615_283981265979984253_n-300x300.jpg 300w, https:\/\/eflcarlsbourg.be\/wp-content\/uploads\/2022\/09\/278571883_1871661456356615_283981265979984253_n.jpg 315w\" sizes=\"(max-width: 150px) 100vw, 150px\" \/><\/a>\n\t\t\t<\/dt><\/dl><dl class='gallery-item'>\n\t\t\t<dt class='gallery-icon landscape'>\n\t\t\t\t<a href='https:\/\/eflcarlsbourg.be\/index.php\/le-potage-pour-tous-a-10-h\/277368224_1852729008249860_2848537347174949067_n\/'><img width=\"150\" height=\"150\" src=\"https:\/\/eflcarlsbourg.be\/wp-content\/uploads\/2022\/09\/277368224_1852729008249860_2848537347174949067_n-150x150.jpg\" class=\"attachment-thumbnail size-thumbnail\" alt=\"\" loading=\"lazy\" srcset=\"https:\/\/eflcarlsbourg.be\/wp-content\/uploads\/2022\/09\/277368224_1852729008249860_2848537347174949067_n-150x150.jpg 150w, https:\/\/eflcarlsbourg.be\/wp-content\/uploads\/2022\/09\/277368224_1852729008249860_2848537347174949067_n-300x300.jpg 300w, https:\/\/eflcarlsbourg.be\/wp-content\/uploads\/2022\/09\/277368224_1852729008249860_2848537347174949067_n.jpg 315w\" sizes=\"(max-width: 150px) 100vw, 150px\" \/><\/a>\n\t\t\t<\/dt><\/dl><br style=\"clear: both\" \/><dl class='gallery-item'>\n\t\t\t<dt class='gallery-icon portrait'>\n\t\t\t\t<a href='https:\/\/eflcarlsbourg.be\/index.php\/le-potage-pour-tous-a-10-h\/271700174_1798149303707831_558370571186777034_n\/'><img width=\"150\" height=\"150\" src=\"https:\/\/eflcarlsbourg.be\/wp-content\/uploads\/2022\/09\/271700174_1798149303707831_558370571186777034_n-150x150.jpg\" class=\"attachment-thumbnail size-thumbnail\" alt=\"\" loading=\"lazy\" \/><\/a>\n\t\t\t<\/dt><\/dl>\n\t\t\t<br style='clear: both' \/>\n\t\t<\/div>\n\n<p>L&rsquo;exp\u00e9rience a \u00e9t\u00e9 un succ\u00e8s.<br \/>\nLes enfants aimaient pr\u00e9par\u00e9 pour les autres et, un potage chaud \u00e0 10h, cela fait du bien!<\/p>\n<p>En 2021-2022, gr\u00e2ce \u00e0 un autre projet de la FWB, nous avons pu r\u00e9it\u00e9rer l&rsquo;exp\u00e9rience!<\/p>\n\n\t\t<style type=\"text\/css\">\n\t\t\t#gallery-2 {\n\t\t\t\tmargin: auto;\n\t\t\t}\n\t\t\t#gallery-2 .gallery-item {\n\t\t\t\tfloat: left;\n\t\t\t\tmargin-top: 10px;\n\t\t\t\ttext-align: center;\n\t\t\t\twidth: 50%;\n\t\t\t}\n\t\t\t#gallery-2 img {\n\t\t\t\tborder: 2px solid #cfcfcf;\n\t\t\t}\n\t\t\t#gallery-2 .gallery-caption {\n\t\t\t\tmargin-left: 0;\n\t\t\t}\n\t\t\t\/* see gallery_shortcode() in wp-includes\/media.php *\/\n\t\t<\/style>\n\t\t<div id='gallery-2' class='gallery galleryid-282 gallery-columns-2 gallery-size-thumbnail'><dl class='gallery-item'>\n\t\t\t<dt class='gallery-icon portrait'>\n\t\t\t\t<a href='https:\/\/eflcarlsbourg.be\/index.php\/le-potage-pour-tous-a-10-h\/138551723_1542951719227592_6592308626467799430_n\/'><img width=\"150\" height=\"150\" src=\"https:\/\/eflcarlsbourg.be\/wp-content\/uploads\/2022\/09\/138551723_1542951719227592_6592308626467799430_n-150x150.jpg\" class=\"attachment-thumbnail size-thumbnail\" alt=\"\" loading=\"lazy\" \/><\/a>\n\t\t\t<\/dt><\/dl><dl class='gallery-item'>\n\t\t\t<dt class='gallery-icon portrait'>\n\t\t\t\t<a href='https:\/\/eflcarlsbourg.be\/index.php\/le-potage-pour-tous-a-10-h\/139153410_1542951749227589_8986745410278210634_n\/'><img width=\"150\" height=\"150\" src=\"https:\/\/eflcarlsbourg.be\/wp-content\/uploads\/2022\/09\/139153410_1542951749227589_8986745410278210634_n-150x150.jpg\" class=\"attachment-thumbnail size-thumbnail\" alt=\"\" loading=\"lazy\" \/><\/a>\n\t\t\t<\/dt><\/dl><br style=\"clear: both\" \/><dl class='gallery-item'>\n\t\t\t<dt class='gallery-icon portrait'>\n\t\t\t\t<a href='https:\/\/eflcarlsbourg.be\/index.php\/le-potage-pour-tous-a-10-h\/121704714_1470400683149363_8457498885500862690_n\/'><img width=\"150\" height=\"150\" src=\"https:\/\/eflcarlsbourg.be\/wp-content\/uploads\/2022\/09\/121704714_1470400683149363_8457498885500862690_n-150x150.jpg\" class=\"attachment-thumbnail size-thumbnail\" alt=\"\" loading=\"lazy\" \/><\/a>\n\t\t\t<\/dt><\/dl><dl class='gallery-item'>\n\t\t\t<dt class='gallery-icon landscape'>\n\t\t\t\t<a href='https:\/\/eflcarlsbourg.be\/index.php\/le-potage-pour-tous-a-10-h\/121560380_1470400709816027_5884047695952995332_n\/'><img width=\"150\" height=\"150\" src=\"https:\/\/eflcarlsbourg.be\/wp-content\/uploads\/2022\/09\/121560380_1470400709816027_5884047695952995332_n-150x150.jpg\" class=\"attachment-thumbnail size-thumbnail\" alt=\"\" loading=\"lazy\" \/><\/a>\n\t\t\t<\/dt><\/dl><br style=\"clear: both\" \/>\n\t\t<\/div>\n\n","protected":false},"excerpt":{"rendered":"<p>En 2020-2021, nous avons gagn\u00e9 un appel \u00e0 projet de la province du Luxembourg: \u00ab\u00a0Un potage pour tous \u00e0 10h\u00a0\u00bb. &nbsp; Chaque semaine, une classe pr\u00e9parait un potage avec des l\u00e9gumes de saison. Il \u00e9tait servi \u00e0 tous \u00e0 la r\u00e9cr\u00e9ation de 10h et ce gratuitement. L&rsquo;exp\u00e9rience a \u00e9t\u00e9 un succ\u00e8s. Les enfants aimaient pr\u00e9par\u00e9 &hellip; <\/p>\n<p><a class=\"more-link btn\" href=\"https:\/\/eflcarlsbourg.be\/index.php\/le-potage-pour-tous-a-10-h\/\">Lire la suite<\/a><\/p>\n","protected":false},"author":3,"featured_media":0,"parent":0,"menu_order":0,"comment_status":"closed","ping_status":"closed","template":"","meta":[],"_links":{"self":[{"href":"https:\/\/eflcarlsbourg.be\/index.php\/wp-json\/wp\/v2\/pages\/282"}],"collection":[{"href":"https:\/\/eflcarlsbourg.be\/index.php\/wp-json\/wp\/v2\/pages"}],"about":[{"href":"https:\/\/eflcarlsbourg.be\/index.php\/wp-json\/wp\/v2\/types\/page"}],"author":[{"embeddable":true,"href":"https:\/\/eflcarlsbourg.be\/index.php\/wp-json\/wp\/v2\/users\/3"}],"replies":[{"embeddable":true,"href":"https:\/\/eflcarlsbourg.be\/index.php\/wp-json\/wp\/v2\/comments?post=282"}],"version-history":[{"count":4,"href":"https:\/\/eflcarlsbourg.be\/index.php\/wp-json\/wp\/v2\/pages\/282\/revisions"}],"predecessor-version":[{"id":313,"href":"https:\/\/eflcarlsbourg.be\/index.php\/wp-json\/wp\/v2\/pages\/282\/revisions\/313"}],"wp:attachment":[{"href":"https:\/\/eflcarlsbourg.be\/index.php\/wp-json\/wp\/v2\/media?parent=282"}],"curies":[{"name":"wp","href":"https:\/\/api.w.org\/{rel}","templated":true}]}}