{"id":261,"date":"2022-09-29T10:50:09","date_gmt":"2022-09-29T08:50:09","guid":{"rendered":"http:\/\/eflcarlsbourg.be\/?page_id=261"},"modified":"2022-10-04T14:10:42","modified_gmt":"2022-10-04T12:10:42","slug":"les-conseils","status":"publish","type":"page","link":"https:\/\/eflcarlsbourg.be\/index.php\/les-conseils\/","title":{"rendered":"Les conseils"},"content":{"rendered":"<p>En 2021-2022, nous avons collabor\u00e9 avec Emmanuelle Coulon, di\u00e9t\u00e9ticienne-nutritionniste de Libramont.<br \/>\nElle nous a prodigu\u00e9 de tr\u00e8s bons conseils!!<\/p>\n<p><img loading=\"lazy\" class=\"alignnone size-medium wp-image-268\" src=\"http:\/\/eflcarlsbourg.be\/wp-content\/uploads\/2022\/09\/Petit-dejeuner-300x142.jpg\" alt=\"\" width=\"300\" height=\"142\" srcset=\"https:\/\/eflcarlsbourg.be\/wp-content\/uploads\/2022\/09\/Petit-dejeuner-300x142.jpg 300w, https:\/\/eflcarlsbourg.be\/wp-content\/uploads\/2022\/09\/Petit-dejeuner-1024x486.jpg 1024w, https:\/\/eflcarlsbourg.be\/wp-content\/uploads\/2022\/09\/Petit-dejeuner-768x364.jpg 768w, https:\/\/eflcarlsbourg.be\/wp-content\/uploads\/2022\/09\/Petit-dejeuner-1057x501.jpg 1057w, https:\/\/eflcarlsbourg.be\/wp-content\/uploads\/2022\/09\/Petit-dejeuner.jpg 1366w\" sizes=\"(max-width: 300px) 100vw, 300px\" \/><\/p>\n<p><img loading=\"lazy\" class=\"alignnone size-medium wp-image-267\" src=\"http:\/\/eflcarlsbourg.be\/wp-content\/uploads\/2022\/09\/Immunite-300x145.jpg\" alt=\"\" width=\"300\" height=\"145\" srcset=\"https:\/\/eflcarlsbourg.be\/wp-content\/uploads\/2022\/09\/Immunite-300x145.jpg 300w, https:\/\/eflcarlsbourg.be\/wp-content\/uploads\/2022\/09\/Immunite-1024x496.jpg 1024w, https:\/\/eflcarlsbourg.be\/wp-content\/uploads\/2022\/09\/Immunite-768x372.jpg 768w, https:\/\/eflcarlsbourg.be\/wp-content\/uploads\/2022\/09\/Immunite-1536x744.jpg 1536w, https:\/\/eflcarlsbourg.be\/wp-content\/uploads\/2022\/09\/Immunite-1057x512.jpg 1057w, https:\/\/eflcarlsbourg.be\/wp-content\/uploads\/2022\/09\/Immunite.jpg 1920w\" sizes=\"(max-width: 300px) 100vw, 300px\" \/><\/p>\n<p><img loading=\"lazy\" class=\"alignnone size-medium wp-image-266\" src=\"http:\/\/eflcarlsbourg.be\/wp-content\/uploads\/2022\/09\/Eau-300x145.jpg\" alt=\"\" width=\"300\" height=\"145\" srcset=\"https:\/\/eflcarlsbourg.be\/wp-content\/uploads\/2022\/09\/Eau-300x145.jpg 300w, https:\/\/eflcarlsbourg.be\/wp-content\/uploads\/2022\/09\/Eau-1024x496.jpg 1024w, https:\/\/eflcarlsbourg.be\/wp-content\/uploads\/2022\/09\/Eau-768x372.jpg 768w, https:\/\/eflcarlsbourg.be\/wp-content\/uploads\/2022\/09\/Eau-1536x744.jpg 1536w, https:\/\/eflcarlsbourg.be\/wp-content\/uploads\/2022\/09\/Eau-1057x512.jpg 1057w, https:\/\/eflcarlsbourg.be\/wp-content\/uploads\/2022\/09\/Eau.jpg 1920w\" sizes=\"(max-width: 300px) 100vw, 300px\" \/><\/p>\n<p><img loading=\"lazy\" class=\"alignnone size-medium wp-image-265\" src=\"http:\/\/eflcarlsbourg.be\/wp-content\/uploads\/2022\/09\/Collation--300x145.jpg\" alt=\"\" width=\"300\" height=\"145\" srcset=\"https:\/\/eflcarlsbourg.be\/wp-content\/uploads\/2022\/09\/Collation--300x145.jpg 300w, https:\/\/eflcarlsbourg.be\/wp-content\/uploads\/2022\/09\/Collation--1024x496.jpg 1024w, https:\/\/eflcarlsbourg.be\/wp-content\/uploads\/2022\/09\/Collation--768x372.jpg 768w, https:\/\/eflcarlsbourg.be\/wp-content\/uploads\/2022\/09\/Collation--1536x744.jpg 1536w, https:\/\/eflcarlsbourg.be\/wp-content\/uploads\/2022\/09\/Collation--1057x512.jpg 1057w, https:\/\/eflcarlsbourg.be\/wp-content\/uploads\/2022\/09\/Collation-.jpg 1920w\" sizes=\"(max-width: 300px) 100vw, 300px\" \/><\/p>\n<p><img loading=\"lazy\" class=\"alignnone size-medium wp-image-264\" src=\"http:\/\/eflcarlsbourg.be\/wp-content\/uploads\/2022\/09\/Boites-a-tartines-300x145.jpg\" alt=\"\" width=\"300\" height=\"145\" srcset=\"https:\/\/eflcarlsbourg.be\/wp-content\/uploads\/2022\/09\/Boites-a-tartines-300x145.jpg 300w, https:\/\/eflcarlsbourg.be\/wp-content\/uploads\/2022\/09\/Boites-a-tartines-1024x496.jpg 1024w, https:\/\/eflcarlsbourg.be\/wp-content\/uploads\/2022\/09\/Boites-a-tartines-768x372.jpg 768w, https:\/\/eflcarlsbourg.be\/wp-content\/uploads\/2022\/09\/Boites-a-tartines-1536x744.jpg 1536w, https:\/\/eflcarlsbourg.be\/wp-content\/uploads\/2022\/09\/Boites-a-tartines-1057x512.jpg 1057w, https:\/\/eflcarlsbourg.be\/wp-content\/uploads\/2022\/09\/Boites-a-tartines.jpg 1920w\" sizes=\"(max-width: 300px) 100vw, 300px\" \/><\/p>\n<p>&nbsp;<\/p>\n","protected":false},"excerpt":{"rendered":"<p>En 2021-2022, nous avons collabor\u00e9 avec Emmanuelle Coulon, di\u00e9t\u00e9ticienne-nutritionniste de Libramont. Elle nous a prodigu\u00e9 de tr\u00e8s bons conseils!! &nbsp;<\/p>\n","protected":false},"author":3,"featured_media":0,"parent":0,"menu_order":0,"comment_status":"closed","ping_status":"closed","template":"","meta":[],"_links":{"self":[{"href":"https:\/\/eflcarlsbourg.be\/index.php\/wp-json\/wp\/v2\/pages\/261"}],"collection":[{"href":"https:\/\/eflcarlsbourg.be\/index.php\/wp-json\/wp\/v2\/pages"}],"about":[{"href":"https:\/\/eflcarlsbourg.be\/index.php\/wp-json\/wp\/v2\/types\/page"}],"author":[{"embeddable":true,"href":"https:\/\/eflcarlsbourg.be\/index.php\/wp-json\/wp\/v2\/users\/3"}],"replies":[{"embeddable":true,"href":"https:\/\/eflcarlsbourg.be\/index.php\/wp-json\/wp\/v2\/comments?post=261"}],"version-history":[{"count":4,"href":"https:\/\/eflcarlsbourg.be\/index.php\/wp-json\/wp\/v2\/pages\/261\/revisions"}],"predecessor-version":[{"id":325,"href":"https:\/\/eflcarlsbourg.be\/index.php\/wp-json\/wp\/v2\/pages\/261\/revisions\/325"}],"wp:attachment":[{"href":"https:\/\/eflcarlsbourg.be\/index.php\/wp-json\/wp\/v2\/media?parent=261"}],"curies":[{"name":"wp","href":"https:\/\/api.w.org\/{rel}","templated":true}]}}