{"id":125,"date":"2022-09-16T08:57:05","date_gmt":"2022-09-16T06:57:05","guid":{"rendered":"http:\/\/eflcarlsbourg.be\/?page_id=125"},"modified":"2023-09-20T09:47:29","modified_gmt":"2023-09-20T07:47:29","slug":"pms","status":"publish","type":"page","link":"https:\/\/eflcarlsbourg.be\/index.php\/pms\/","title":{"rendered":"PMS"},"content":{"rendered":"<h2 class=\"elementor-heading-title elementor-size-default\">Accueil, \u00e9coute et dialogue.<\/h2>\n<div class=\"elementor-element elementor-element-60b62b8 elementor-widget elementor-widget-text-editor\" data-id=\"60b62b8\" data-element_type=\"widget\" data-widget_type=\"text-editor.default\">\n<div class=\"elementor-widget-container\">\n<div class=\"elementor-text-editor elementor-clearfix\">\n<p>Un lieu d\u2019accueil, d\u2019\u00e9coute et de dialogue o\u00f9 le jeune et\/ou sa famille peuvent aborder les questions qui les pr\u00e9occupent en mati\u00e8re de scolarit\u00e9, d\u2019\u00e9ducation, de vie familiale et sociale, de sant\u00e9, d\u2019orientation scolaire et professionnelle, \u2026.<\/p>\n<p>Le\u00a0 Centre PMS est \u00e0 la disposition des \u00e9l\u00e8ves et de leurs parents, <strong>d\u00e8s l\u2019entr\u00e9e dans l\u2019enseignement maternel et jusqu\u2019\u00e0 la fin de l\u2019enseignement secondaire<\/strong>. Il d\u00e9veloppe \u00e9galement des activit\u00e9s au b\u00e9n\u00e9fice des \u00e9l\u00e8ves fr\u00e9quentant les Centres d\u2019Education et de Formation en Alternance (CEFA), ainsi que de leur famille.<\/p>\n<p>Le Centre PMS est compos\u00e9 de psychologues (conseillers et assistants psychop\u00e9dagogiques), d\u2019assistants sociaux (auxiliaires sociaux) et d\u2019infirmiers (auxiliaires param\u00e9dicaux) qui travaillent en \u00e9quipe. Un m\u00e9decin est \u00e9galement attach\u00e9 \u00e0 chaque Centre PMS.<\/p>\n<p>Tout comme un \u00e9tablissement scolaire, le Centre PMS appartient \u00e0 un r\u00e9seau organis\u00e9 ou subventionn\u00e9 par la F\u00e9d\u00e9ration Wallonie-Bruxelles. Il y a donc des Centres PMS de la F\u00e9d\u00e9ration Wallonie-Bruxelles, provinciaux, communaux et libres.<\/p>\n<\/div>\n<\/div>\n<\/div>\n<div class=\"elementor-element elementor-element-9235903 elementor-widget elementor-widget-text-editor\" data-id=\"9235903\" data-element_type=\"widget\" data-widget_type=\"text-editor.default\">\n<div class=\"elementor-widget-container\">\n<div class=\"elementor-text-editor elementor-clearfix\">\n<p><strong>Centre auquel nous sommes li\u00e9s:<br \/>\nCentre PMS libre de Neufch\u00e2teau<br \/>\nRue des Charmes ,3<br \/>\n061\/27.14.38<\/strong><\/p>\n<\/div>\n<\/div>\n<\/div>\n<div class=\"embed-container\"><iframe loading=\"lazy\" title=\"Pr\u00e9sentation PMS libre Neufch\u00e2teau\" width=\"1057\" height=\"595\" src=\"https:\/\/www.youtube.com\/embed\/cl4VUswAVR4?feature=oembed\" frameborder=\"0\" allow=\"accelerometer; autoplay; clipboard-write; encrypted-media; gyroscope; picture-in-picture; web-share\" allowfullscreen><\/iframe><\/div>\n<ul class=\"elementor-icon-list-items\">\n<li class=\"elementor-icon-list-item\"><span class=\"elementor-icon-list-text\">Le Centre Psycho-M\u00e9dico-Social est un service public gratuit.<br \/>\n<\/span><i class=\"fas fa-circle\" aria-hidden=\"true\"><\/i><\/li>\n<li class=\"elementor-icon-list-item\"><span class=\"elementor-icon-list-text\">Le personnel est soumis au secret professionnel. Il travaille en toute ind\u00e9pendance vis-\u00e0-vis des \u00e9coles.<\/span><i class=\"fas fa-circle\" aria-hidden=\"true\"><\/i><\/li>\n<li class=\"elementor-icon-list-item\"><span class=\"elementor-icon-list-text\">La connaissance approfondie du monde scolaire et de son environnement lui permet une approche pertinente des situations rencontr\u00e9es par les \u00e9l\u00e8ves et leur famille.<\/span><i class=\"fas fa-circle\" aria-hidden=\"true\"><\/i><\/li>\n<li class=\"elementor-icon-list-item\"><span class=\"elementor-icon-list-text\">Le Centre PMS d\u00e9veloppe des partenariats avec diff\u00e9rents services, dans le respect du secret professionnel et de l&rsquo;int\u00e9r\u00eat de l&rsquo;\u00e9l\u00e8ve. Ses principaux partenaires sont les personnels scolaires et les services de promotion de la sant\u00e9 \u00e0 l&rsquo;\u00e9cole (SPSE).<\/span><i class=\"fas fa-circle\" aria-hidden=\"true\"><\/i><\/li>\n<li class=\"elementor-icon-list-item\"><span class=\"elementor-icon-list-text\">Les avis du Centre sont donn\u00e9s \u00e0 titre consultatif, c&rsquo;est-\u00e0-dire que les parents ou ceux qui exercent l&rsquo;autorit\u00e9 parentale gardent toujours leur libert\u00e9 de d\u00e9cision.<\/span><i class=\"fas fa-circle\" aria-hidden=\"true\"><\/i><\/li>\n<li class=\"elementor-icon-list-item\"><span class=\"elementor-icon-list-text\">Lors de la premi\u00e8re inscription d\u2019un \u00e9l\u00e8ve dans une \u00e9cole, les parents sont libres d\u2019accepter ou de refuser les interventions du Centre PMS de l\u2019\u00e9cole (refus de guidance).<\/span><\/li>\n<\/ul>\n","protected":false},"excerpt":{"rendered":"<p>Accueil, \u00e9coute et dialogue. Un lieu d\u2019accueil, d\u2019\u00e9coute et de dialogue o\u00f9 le jeune et\/ou sa famille peuvent aborder les questions qui les pr\u00e9occupent en mati\u00e8re de scolarit\u00e9, d\u2019\u00e9ducation, de vie familiale et sociale, de sant\u00e9, d\u2019orientation scolaire et professionnelle, \u2026. Le\u00a0 Centre PMS est \u00e0 la disposition des \u00e9l\u00e8ves et de leurs parents, d\u00e8s &hellip; <\/p>\n<p><a class=\"more-link btn\" href=\"https:\/\/eflcarlsbourg.be\/index.php\/pms\/\">Lire la suite<\/a><\/p>\n","protected":false},"author":3,"featured_media":0,"parent":0,"menu_order":0,"comment_status":"closed","ping_status":"closed","template":"","meta":[],"_links":{"self":[{"href":"https:\/\/eflcarlsbourg.be\/index.php\/wp-json\/wp\/v2\/pages\/125"}],"collection":[{"href":"https:\/\/eflcarlsbourg.be\/index.php\/wp-json\/wp\/v2\/pages"}],"about":[{"href":"https:\/\/eflcarlsbourg.be\/index.php\/wp-json\/wp\/v2\/types\/page"}],"author":[{"embeddable":true,"href":"https:\/\/eflcarlsbourg.be\/index.php\/wp-json\/wp\/v2\/users\/3"}],"replies":[{"embeddable":true,"href":"https:\/\/eflcarlsbourg.be\/index.php\/wp-json\/wp\/v2\/comments?post=125"}],"version-history":[{"count":13,"href":"https:\/\/eflcarlsbourg.be\/index.php\/wp-json\/wp\/v2\/pages\/125\/revisions"}],"predecessor-version":[{"id":381,"href":"https:\/\/eflcarlsbourg.be\/index.php\/wp-json\/wp\/v2\/pages\/125\/revisions\/381"}],"wp:attachment":[{"href":"https:\/\/eflcarlsbourg.be\/index.php\/wp-json\/wp\/v2\/media?parent=125"}],"curies":[{"name":"wp","href":"https:\/\/api.w.org\/{rel}","templated":true}]}}